{"id":609,"date":"2023-12-23T15:13:37","date_gmt":"2023-12-23T15:13:37","guid":{"rendered":"https:\/\/kotisgroup.cz\/produktportfolio\/"},"modified":"2024-04-08T13:14:06","modified_gmt":"2024-04-08T13:14:06","slug":"produktportfolio","status":"publish","type":"page","link":"https:\/\/kotisgroup.cz\/de\/produktportfolio\/","title":{"rendered":"Produktportfolio"},"content":{"rendered":"<p>[et_pb_section fb_built=&#8221;1&#8243; _builder_version=&#8221;4.24.2&#8243; _module_preset=&#8221;default&#8221; background_image=&#8221;https:\/\/kotisgroup.cz\/omywisog\/2024\/04\/slide09.jpg&#8221; custom_padding=&#8221;10vh||10vh||true|false&#8221; global_colors_info=&#8221;{}&#8221;][et_pb_row _builder_version=&#8221;4.23.2&#8243; _module_preset=&#8221;default&#8221; global_colors_info=&#8221;{}&#8221;][et_pb_column type=&#8221;4_4&#8243; _builder_version=&#8221;4.23.2&#8243; _module_preset=&#8221;default&#8221; global_colors_info=&#8221;{}&#8221;][et_pb_text _builder_version=&#8221;4.24.2&#8243; _module_preset=&#8221;default&#8221; header_2_font=&#8221;Roboto|700|||||||&#8221; header_2_text_align=&#8221;center&#8221; header_2_text_color=&#8221;#FFFFFF&#8221; header_2_font_size=&#8221;60px&#8221; hover_enabled=&#8221;0&#8243; header_2_text_shadow_style=&#8221;preset2&#8243; global_colors_info=&#8221;{}&#8221; header_2_font_size_last_edited=&#8221;on|phone&#8221; sticky_enabled=&#8221;0&#8243; header_2_font_size_phone=&#8221;50px&#8221; header_2_font_size_tablet=&#8221;60px&#8221;]<\/p>\n<h2>Referenz<\/h2>\n<p>[\/et_pb_text][\/et_pb_column][\/et_pb_row][\/et_pb_section][et_pb_section fb_built=&#8221;1&#8243; _builder_version=&#8221;4.24.0&#8243; _module_preset=&#8221;default&#8221; background_color=&#8221;#FFFFFF&#8221; global_colors_info=&#8221;{}&#8221;][et_pb_row _builder_version=&#8221;4.23.1&#8243; _module_preset=&#8221;default&#8221; custom_padding=&#8221;||0px|||&#8221; global_colors_info=&#8221;{}&#8221;][et_pb_column type=&#8221;4_4&#8243; _builder_version=&#8221;4.23.1&#8243; _module_preset=&#8221;default&#8221; global_colors_info=&#8221;{}&#8221;][et_pb_slider arrows_custom_color=&#8221;#666666&#8243; dot_nav_custom_color=&#8221;#666666&#8243; _builder_version=&#8221;4.24.2&#8243; _module_preset=&#8221;default&#8221; header_text_color=&#8221;#666666&#8243; body_text_color=&#8221;#666666&#8243; background_color=&#8221;RGBA(255,255,255,0)&#8221; custom_padding=&#8221;90px||90px|||&#8221; auto=&#8221;on&#8221; body_text_shadow_style=&#8221;preset4&#8243; body_text_shadow_vertical_length=&#8221;0em&#8221; body_text_shadow_color=&#8221;#FFFFFF&#8221; global_colors_info=&#8221;{}&#8221;][et_pb_slide _builder_version=&#8221;4.24.2&#8243; _module_preset=&#8221;default&#8221; global_colors_info=&#8221;{}&#8221; sticky_transition=&#8221;on&#8221;]<\/p>\n<p>Mit der Firma Koti\u0161 s.r.o. Wir arbeiten seit mehr als zehn Jahren zusammen. Durch seine T\u00e4tigkeit beteiligt es sich an der Zulieferung von Teilen aus der 2D- und 3D-Technologie der Lasermaterialtrennung. <\/p>\n<p>Auf der Grundlage einer qualitativ hochwertigen, zuverl\u00e4ssigen und langfristigen strategischen Zusammenarbeit werden Komponenten und Vormontageelemente f\u00fcr die Produktion unserer Bodenbearbeitungsmaschinen gemeinsam erstellt.<\/p>\n<p>Wir danken Ihnen f\u00fcr Ihre bisherige Unterst\u00fctzung und freuen uns auf die zuk\u00fcnftige Zusammenarbeit.<\/p>\n<p>Lud\u011bk Cimrhanzl<br \/>N\u00e1kup\u010d\u00ed \/ Buyer<\/p>\n<p>A.P\u00d6TTINGER, spol. s.r.o. <\/p>\n<p><img loading=\"lazy\" decoding=\"async\" src=\"https:\/\/kotisgroup.cz\/omywisog\/2024\/02\/unnamed.jpg\" width=\"202\" height=\"26\" alt=\"\" class=\"wp-image-558 alignnone size-full\"><\/p>\n<p>[\/et_pb_slide][et_pb_slide _builder_version=&#8221;4.24.2&#8243; _module_preset=&#8221;default&#8221; global_colors_info=&#8221;{}&#8221; sticky_transition=&#8221;on&#8221;]<\/p>\n<p>Zusammenarbeit mit der Firma EKA-KOMPLET, s.r.o.:<\/p>\n<p>Die Zusammenarbeit mit der Firma EKA_complete ist problemlos. Die Fertigung der Teile erfolgt innerhalb der vereinbarten Zeit und Qualit\u00e4t. <br \/>Die Kommunikation ist sehr gut, eventuelle \u00c4nderungen werden zeitnah und zur beiderseitigen Zufriedenheit gel\u00f6st.<\/p>\n<p>Tom\u00e1\u0161 Sedl\u00e1\u010dek<br \/>Projektmanager<br \/>LaserTherm spol. s r.o. <\/p>\n<p><img loading=\"lazy\" decoding=\"async\" src=\"https:\/\/kotisgroup.cz\/omywisog\/2024\/02\/laser_therm.jpg\" width=\"223\" height=\"88\" alt=\"\" class=\"wp-image-559 alignnone size-full\"><\/p>\n<p>[\/et_pb_slide][\/et_pb_slider][\/et_pb_column][\/et_pb_row][et_pb_row _builder_version=&#8221;4.24.0&#8243; _module_preset=&#8221;default&#8221; custom_padding=&#8221;||0px|||&#8221; global_colors_info=&#8221;{}&#8221;][et_pb_column type=&#8221;4_4&#8243; _builder_version=&#8221;4.24.0&#8243; _module_preset=&#8221;default&#8221; global_colors_info=&#8221;{}&#8221;][et_pb_text _builder_version=&#8221;4.24.0&#8243; _module_preset=&#8221;default&#8221; text_font=&#8221;Roboto|300|||||||&#8221; text_font_size=&#8221;18px&#8221; header_2_font=&#8221;Roboto|700|||||||&#8221; header_2_text_align=&#8221;center&#8221; header_2_text_color=&#8221;#213a8e&#8221; header_2_font_size=&#8221;42px&#8221; header_3_font=&#8221;Roboto||||||||&#8221; header_3_text_align=&#8221;center&#8221; header_3_text_color=&#8221;#213a8e&#8221; global_colors_info=&#8221;{}&#8221;]<\/p>\n<h3>Referenz<\/h3>\n<p>[\/et_pb_text][\/et_pb_column][\/et_pb_row][et_pb_row column_structure=&#8221;1_4,1_4,1_4,1_4&#8243; _builder_version=&#8221;4.24.0&#8243; _module_preset=&#8221;default&#8221; global_colors_info=&#8221;{}&#8221;][et_pb_column type=&#8221;1_4&#8243; _builder_version=&#8221;4.24.0&#8243; _module_preset=&#8221;default&#8221; global_colors_info=&#8221;{}&#8221;][et_pb_image src=&#8221;https:\/\/kotisgroup.cz\/omywisog\/2024\/03\/skoda.jpg&#8221; title_text=&#8221;skoda&#8221; _builder_version=&#8221;4.24.2&#8243; _module_preset=&#8221;default&#8221; global_colors_info=&#8221;{}&#8221;][\/et_pb_image][\/et_pb_column][et_pb_column type=&#8221;1_4&#8243; _builder_version=&#8221;4.24.0&#8243; _module_preset=&#8221;default&#8221; global_colors_info=&#8221;{}&#8221;][et_pb_image src=&#8221;https:\/\/kotisgroup.cz\/omywisog\/2024\/03\/pottinger.jpg&#8221; title_text=&#8221;pottinger&#8221; _builder_version=&#8221;4.24.2&#8243; _module_preset=&#8221;default&#8221; global_colors_info=&#8221;{}&#8221;][\/et_pb_image][\/et_pb_column][et_pb_column type=&#8221;1_4&#8243; _builder_version=&#8221;4.24.0&#8243; _module_preset=&#8221;default&#8221; global_colors_info=&#8221;{}&#8221;][et_pb_image src=&#8221;https:\/\/kotisgroup.cz\/omywisog\/2024\/03\/assa_abloy.jpg&#8221; title_text=&#8221;assa_abloy&#8221; _builder_version=&#8221;4.24.2&#8243; _module_preset=&#8221;default&#8221; global_colors_info=&#8221;{}&#8221;][\/et_pb_image][\/et_pb_column][et_pb_column type=&#8221;1_4&#8243; _builder_version=&#8221;4.24.0&#8243; _module_preset=&#8221;default&#8221; global_colors_info=&#8221;{}&#8221;][et_pb_image src=&#8221;https:\/\/kotisgroup.cz\/omywisog\/2024\/03\/untha.jpg&#8221; title_text=&#8221;untha&#8221; _builder_version=&#8221;4.24.2&#8243; _module_preset=&#8221;default&#8221; global_colors_info=&#8221;{}&#8221;][\/et_pb_image][\/et_pb_column][\/et_pb_row][et_pb_row column_structure=&#8221;1_4,1_4,1_4,1_4&#8243; _builder_version=&#8221;4.24.0&#8243; _module_preset=&#8221;default&#8221; custom_padding=&#8221;0px|||||&#8221; global_colors_info=&#8221;{}&#8221;][et_pb_column type=&#8221;1_4&#8243; _builder_version=&#8221;4.24.0&#8243; _module_preset=&#8221;default&#8221; global_colors_info=&#8221;{}&#8221;][et_pb_image src=&#8221;https:\/\/kotisgroup.cz\/omywisog\/2024\/03\/alkal.jpg&#8221; title_text=&#8221;alkal&#8221; _builder_version=&#8221;4.24.2&#8243; _module_preset=&#8221;default&#8221; global_colors_info=&#8221;{}&#8221;][\/et_pb_image][\/et_pb_column][et_pb_column type=&#8221;1_4&#8243; _builder_version=&#8221;4.24.0&#8243; _module_preset=&#8221;default&#8221; global_colors_info=&#8221;{}&#8221;][et_pb_image src=&#8221;https:\/\/kotisgroup.cz\/omywisog\/2024\/03\/denios.jpg&#8221; title_text=&#8221;denios&#8221; _builder_version=&#8221;4.24.2&#8243; _module_preset=&#8221;default&#8221; global_colors_info=&#8221;{}&#8221;][\/et_pb_image][\/et_pb_column][et_pb_column type=&#8221;1_4&#8243; _builder_version=&#8221;4.24.0&#8243; _module_preset=&#8221;default&#8221; global_colors_info=&#8221;{}&#8221;][et_pb_image src=&#8221;https:\/\/kotisgroup.cz\/omywisog\/2024\/03\/washtech.jpg&#8221; title_text=&#8221;washtech&#8221; _builder_version=&#8221;4.24.2&#8243; _module_preset=&#8221;default&#8221; global_colors_info=&#8221;{}&#8221;][\/et_pb_image][\/et_pb_column][et_pb_column type=&#8221;1_4&#8243; _builder_version=&#8221;4.24.0&#8243; _module_preset=&#8221;default&#8221; global_colors_info=&#8221;{}&#8221;][et_pb_image src=&#8221;https:\/\/kotisgroup.cz\/omywisog\/2024\/03\/DP.jpg&#8221; title_text=&#8221;DP&#8221; _builder_version=&#8221;4.24.2&#8243; _module_preset=&#8221;default&#8221; global_colors_info=&#8221;{}&#8221;][\/et_pb_image][\/et_pb_column][\/et_pb_row][et_pb_row column_structure=&#8221;1_4,1_4,1_4,1_4&#8243; _builder_version=&#8221;4.24.0&#8243; _module_preset=&#8221;default&#8221; custom_padding=&#8221;0px|||||&#8221; global_colors_info=&#8221;{}&#8221;][et_pb_column type=&#8221;1_4&#8243; _builder_version=&#8221;4.24.0&#8243; _module_preset=&#8221;default&#8221; global_colors_info=&#8221;{}&#8221;][et_pb_image src=&#8221;https:\/\/kotisgroup.cz\/omywisog\/2024\/03\/atrium.jpg&#8221; title_text=&#8221;atrium&#8221; _builder_version=&#8221;4.24.2&#8243; _module_preset=&#8221;default&#8221; global_colors_info=&#8221;{}&#8221;][\/et_pb_image][\/et_pb_column][et_pb_column type=&#8221;1_4&#8243; _builder_version=&#8221;4.24.0&#8243; _module_preset=&#8221;default&#8221; global_colors_info=&#8221;{}&#8221;][et_pb_image src=&#8221;https:\/\/kotisgroup.cz\/omywisog\/2024\/03\/sedlicka.jpg&#8221; title_text=&#8221;sedlicka&#8221; _builder_version=&#8221;4.24.2&#8243; _module_preset=&#8221;default&#8221; global_colors_info=&#8221;{}&#8221;][\/et_pb_image][\/et_pb_column][et_pb_column type=&#8221;1_4&#8243; _builder_version=&#8221;4.24.0&#8243; _module_preset=&#8221;default&#8221; global_colors_info=&#8221;{}&#8221;][et_pb_image src=&#8221;https:\/\/kotisgroup.cz\/omywisog\/2024\/03\/azd.jpg&#8221; title_text=&#8221;azd&#8221; _builder_version=&#8221;4.24.2&#8243; _module_preset=&#8221;default&#8221; global_colors_info=&#8221;{}&#8221;][\/et_pb_image][\/et_pb_column][et_pb_column type=&#8221;1_4&#8243; _builder_version=&#8221;4.24.0&#8243; _module_preset=&#8221;default&#8221; global_colors_info=&#8221;{}&#8221;][et_pb_image src=&#8221;https:\/\/kotisgroup.cz\/omywisog\/2024\/03\/solodoor.jpg&#8221; title_text=&#8221;solodoor&#8221; _builder_version=&#8221;4.24.2&#8243; _module_preset=&#8221;default&#8221; global_colors_info=&#8221;{}&#8221;][\/et_pb_image][\/et_pb_column][\/et_pb_row][et_pb_row column_structure=&#8221;1_4,1_4,1_4,1_4&#8243; _builder_version=&#8221;4.24.0&#8243; _module_preset=&#8221;default&#8221; custom_padding=&#8221;0px|||||&#8221; global_colors_info=&#8221;{}&#8221;][et_pb_column type=&#8221;1_4&#8243; _builder_version=&#8221;4.24.0&#8243; _module_preset=&#8221;default&#8221; global_colors_info=&#8221;{}&#8221;][et_pb_image src=&#8221;https:\/\/kotisgroup.cz\/omywisog\/2024\/03\/dioss-.jpg&#8221; title_text=&#8221;dioss&#8221; _builder_version=&#8221;4.24.2&#8243; _module_preset=&#8221;default&#8221; global_colors_info=&#8221;{}&#8221;][\/et_pb_image][\/et_pb_column][et_pb_column type=&#8221;1_4&#8243; _builder_version=&#8221;4.24.0&#8243; _module_preset=&#8221;default&#8221; global_colors_info=&#8221;{}&#8221;][\/et_pb_column][et_pb_column type=&#8221;1_4&#8243; _builder_version=&#8221;4.24.0&#8243; _module_preset=&#8221;default&#8221; global_colors_info=&#8221;{}&#8221;][\/et_pb_column][et_pb_column type=&#8221;1_4&#8243; _builder_version=&#8221;4.24.0&#8243; _module_preset=&#8221;default&#8221; global_colors_info=&#8221;{}&#8221;][\/et_pb_column][\/et_pb_row][et_pb_row _builder_version=&#8221;4.23.1&#8243; _module_preset=&#8221;default&#8221; custom_padding=&#8221;||0px|||&#8221; global_colors_info=&#8221;{}&#8221;][et_pb_column type=&#8221;4_4&#8243; _builder_version=&#8221;4.23.1&#8243; _module_preset=&#8221;default&#8221; global_colors_info=&#8221;{}&#8221;][et_pb_text _builder_version=&#8221;4.24.2&#8243; _module_preset=&#8221;default&#8221; text_font=&#8221;Roboto|300|||||||&#8221; text_font_size=&#8221;18px&#8221; header_2_font=&#8221;Roboto|700|||||||&#8221; header_2_text_align=&#8221;center&#8221; header_2_text_color=&#8221;#213a8e&#8221; header_2_font_size=&#8221;42px&#8221; header_3_font=&#8221;Roboto||||||||&#8221; header_3_text_align=&#8221;center&#8221; header_3_text_color=&#8221;gcid-95998461-d08f-4384-81e7-74c4f35e4570&#8243; global_colors_info=&#8221;{%22gcid-95998461-d08f-4384-81e7-74c4f35e4570%22:%91%22header_3_text_color%22%93}&#8221;]<\/p>\n<h3>Musterprodukte<\/h3>\n<p>[\/et_pb_text][et_pb_gallery gallery_ids=&#8221;169,170,171,172,173,174,175,176,177,178,179,180,181,182,183,184,185,186,187,188,189,190,191,192,193,194,195,196&#8243; posts_number=&#8221;8&#8243; show_title_and_caption=&#8221;off&#8221; zoom_icon_color=&#8221;gcid-95998461-d08f-4384-81e7-74c4f35e4570&#8243; disabled_on=&#8221;on|on|off&#8221; _builder_version=&#8221;4.24.2&#8243; _module_preset=&#8221;default&#8221; pagination_text_align=&#8221;center&#8221; border_width_all_image=&#8221;2px&#8221; border_color_all_image=&#8221;#d6d6d6&#8243; global_colors_info=&#8221;{%22gcid-95998461-d08f-4384-81e7-74c4f35e4570%22:%91%22zoom_icon_color%22%93}&#8221; border_width_all_image__hover_enabled=&#8221;on|desktop&#8221; border_width_all_image__hover=&#8221;2px&#8221;][\/et_pb_gallery][et_pb_gallery gallery_ids=&#8221;169,170,171,172,173,174,175,176,177,178,179,180,181,182,183,184,185,186,187,188,189,190,191,192,193,194,195,196&#8243; posts_number=&#8221;3&#8243; show_title_and_caption=&#8221;off&#8221; zoom_icon_color=&#8221;gcid-95998461-d08f-4384-81e7-74c4f35e4570&#8243; disabled_on=&#8221;on|off|on&#8221; _builder_version=&#8221;4.24.2&#8243; _module_preset=&#8221;default&#8221; pagination_text_align=&#8221;center&#8221; border_width_all_image=&#8221;2px&#8221; border_color_all_image=&#8221;#d6d6d6&#8243; global_colors_info=&#8221;{%22gcid-95998461-d08f-4384-81e7-74c4f35e4570%22:%91%22zoom_icon_color%22%93}&#8221; border_width_all_image__hover_enabled=&#8221;on|desktop&#8221; border_width_all_image__hover=&#8221;2px&#8221;][\/et_pb_gallery][et_pb_gallery gallery_ids=&#8221;169,170,171,172,173,174,175,176,177,178,179,180,181,182,183,184,185,186,187,188,189,190,191,192,193,194,195,196&#8243; posts_number=&#8221;2&#8243; show_title_and_caption=&#8221;off&#8221; zoom_icon_color=&#8221;gcid-95998461-d08f-4384-81e7-74c4f35e4570&#8243; disabled_on=&#8221;off|on|on&#8221; _builder_version=&#8221;4.24.2&#8243; _module_preset=&#8221;default&#8221; pagination_text_align=&#8221;center&#8221; border_width_all_image=&#8221;2px&#8221; border_color_all_image=&#8221;#d6d6d6&#8243; global_colors_info=&#8221;{%22gcid-95998461-d08f-4384-81e7-74c4f35e4570%22:%91%22zoom_icon_color%22%93}&#8221; border_width_all_image__hover_enabled=&#8221;on|desktop&#8221; border_width_all_image__hover=&#8221;2px&#8221;][\/et_pb_gallery][\/et_pb_column][\/et_pb_row][\/et_pb_section][et_pb_section fb_built=&#8221;1&#8243; _builder_version=&#8221;4.23.1&#8243; _module_preset=&#8221;default&#8221; background_color=&#8221;#5c5c5f&#8221; global_module=&#8221;56&#8243; saved_tabs=&#8221;all&#8221; global_colors_info=&#8221;{}&#8221;][et_pb_row column_structure=&#8221;1_3,1_3,1_3&#8243; module_id=&#8221;kontakty&#8221; module_class=&#8221;kontakty&#8221; _builder_version=&#8221;4.24.2&#8243; _module_preset=&#8221;default&#8221; max_width=&#8221;1350px&#8221; global_colors_info=&#8221;{}&#8221;][et_pb_column type=&#8221;1_3&#8243; _builder_version=&#8221;4.23.1&#8243; _module_preset=&#8221;default&#8221; global_colors_info=&#8221;{}&#8221;][et_pb_text _builder_version=&#8221;4.24.2&#8243; _module_preset=&#8221;default&#8221; text_font=&#8221;Roboto|300|||||||&#8221; text_text_color=&#8221;#FFFFFF&#8221; text_line_height=&#8221;1em&#8221; header_2_font=&#8221;Roboto|700|||||||&#8221; header_2_text_align=&#8221;center&#8221; header_2_text_color=&#8221;#213a8e&#8221; header_2_font_size=&#8221;42px&#8221; text_orientation_tablet=&#8221;center&#8221; text_orientation_phone=&#8221;&#8221; text_orientation_last_edited=&#8221;on|phone&#8221; global_colors_info=&#8221;{}&#8221;]<\/p>\n<p><strong>Informationen<\/strong><\/p>\n<p><a href=\"https:\/\/kotisgroup.cz\/de\/ueber-das-unternehmen\/\" style=\"color: #fff;\">\u00dcber das Unternehmen<\/a><\/p>\n<p><a href=\"https:\/\/kotisgroup.cz\/de\/technologie\/\" style=\"color: #fff;\">Technik<\/a><\/p>\n<p><a href=\"https:\/\/kotisgroup.cz\/de\/produktportfolio\/\" style=\"color: #fff;\">Referenz<\/a><\/p>\n<p><a href=\"https:\/\/kotisgroup.cz\/de\/nachricht\/\" style=\"color: #fff;\">Nachrichten<\/a><\/p>\n<p><a href=\"https:\/\/kotisgroup.cz\/de\/freie-arbeitsstellen\/\" style=\"color: #fff;\">Freie Arbeitsstellen<\/a><\/p>\n<p><a href=\"https:\/\/kotisgroup.cz\/de\/kontakte\/\" style=\"color: #fff;\">Kontakt<\/a><\/p>\n<p>[\/et_pb_text][\/et_pb_column][et_pb_column type=&#8221;1_3&#8243; _builder_version=&#8221;4.23.1&#8243; _module_preset=&#8221;default&#8221; global_colors_info=&#8221;{}&#8221;][et_pb_text _builder_version=&#8221;4.24.2&#8243; _module_preset=&#8221;default&#8221; text_font=&#8221;Roboto|300|||||||&#8221; text_text_color=&#8221;#FFFFFF&#8221; text_line_height=&#8221;0.9em&#8221; header_2_font=&#8221;Roboto|700|||||||&#8221; header_2_text_align=&#8221;center&#8221; header_2_text_color=&#8221;#213a8e&#8221; header_2_font_size=&#8221;42px&#8221; text_orientation_tablet=&#8221;center&#8221; text_orientation_phone=&#8221;&#8221; text_orientation_last_edited=&#8221;on|desktop&#8221; global_colors_info=&#8221;{}&#8221;]<\/p>\n<p><strong>Technik<\/strong><\/p>\n<p><a href=\"https:\/\/kotisgroup.cz\/de\/technologie\/roboterschweissen\/\" style=\"color: #fff;\">Roboterschwei\u00dfen<\/a><\/p>\n<p><a href=\"https:\/\/kotisgroup.cz\/de\/technologie\/laser-rohr\/\" style=\"color: #fff;\">Laserrohr (Profil)<\/a><\/p>\n<p><a href=\"https:\/\/kotisgroup.cz\/de\/technologie\/konstruktion\/\" style=\"color: #fff;\">Konstruktion<\/a><\/p>\n<p><a href=\"https:\/\/kotisgroup.cz\/de\/technologie\/2d-laser\/\" style=\"color: #fff;\">2D-Laser<\/a><\/p>\n<p><a href=\"https:\/\/kotisgroup.cz\/de\/technologie\/cnc-umformen\/\" style=\"color: #fff;\">CNC-Umformung und Biegen<\/a><\/p>\n<p><a href=\"https:\/\/kotisgroup.cz\/de\/technologie\/cnc-stanzen\/\" style=\"color: #fff;\">CNC-Stanzen<\/a><\/p>\n<p><a href=\"https:\/\/kotisgroup.cz\/de\/technologie\/schlosserproduktion\/\" style=\"color: #fff;\">Schlosserproduktion<\/a><\/p>\n<p>[\/et_pb_text][\/et_pb_column][et_pb_column type=&#8221;1_3&#8243; _builder_version=&#8221;4.23.4&#8243; _module_preset=&#8221;default&#8221; global_colors_info=&#8221;{}&#8221;][et_pb_image src=&#8221;https:\/\/kotisgroup.cz\/omywisog\/2024\/03\/KOTIS_logo.png&#8221; title_text=&#8221;KOTIS_logo&#8221; align=&#8221;right&#8221; align_tablet=&#8221;center&#8221; align_phone=&#8221;&#8221; align_last_edited=&#8221;on|phone&#8221; _builder_version=&#8221;4.24.2&#8243; _module_preset=&#8221;default&#8221; width=&#8221;50%&#8221; width_tablet=&#8221;70%&#8221; width_phone=&#8221;65%&#8221; width_last_edited=&#8221;on|phone&#8221; global_colors_info=&#8221;{}&#8221;][\/et_pb_image][et_pb_button button_url=&#8221;@ET-DC@eyJkeW5hbWljIjp0cnVlLCJjb250ZW50IjoicG9zdF9saW5rX3VybF9wYWdlIiwic2V0dGluZ3MiOnsicG9zdF9pZCI6IjE1In19@&#8221; button_text=&#8221;Kontaktieren Sie uns&#8221; button_alignment=&#8221;right&#8221; button_alignment_tablet=&#8221;center&#8221; button_alignment_phone=&#8221;&#8221; button_alignment_last_edited=&#8221;on|phone&#8221; _builder_version=&#8221;4.24.2&#8243; _dynamic_attributes=&#8221;button_url&#8221; _module_preset=&#8221;default&#8221; custom_button=&#8221;on&#8221; button_text_size=&#8221;16px&#8221; button_text_color=&#8221;#FFFFFF&#8221; button_bg_color=&#8221;#213A8E&#8221; button_border_width=&#8221;0px&#8221; button_border_radius=&#8221;0px&#8221; button_font=&#8221;|600|||||||&#8221; custom_margin=&#8221;20px||||false|false&#8221; custom_padding=&#8221;15px|40px|15px|40px|true|true&#8221; global_colors_info=&#8221;{}&#8221;][\/et_pb_button][\/et_pb_column][\/et_pb_row][et_pb_row _builder_version=&#8221;4.23.4&#8243; _module_preset=&#8221;default&#8221; max_width=&#8221;1350px&#8221; global_colors_info=&#8221;{}&#8221;][et_pb_column type=&#8221;4_4&#8243; _builder_version=&#8221;4.23.4&#8243; _module_preset=&#8221;default&#8221; global_colors_info=&#8221;{}&#8221;][et_pb_divider color=&#8221;#4c4c4c&#8221; _builder_version=&#8221;4.23.4&#8243; _module_preset=&#8221;default&#8221; module_alignment=&#8221;center&#8221; custom_margin=&#8221;||15px|||&#8221; global_colors_info=&#8221;{}&#8221;][\/et_pb_divider][et_pb_text _builder_version=&#8221;4.23.4&#8243; _module_preset=&#8221;default&#8221; text_font=&#8221;Roboto|300|||||||&#8221; text_text_color=&#8221;#FFFFFF&#8221; text_line_height=&#8221;1.2em&#8221; header_2_font=&#8221;Roboto|700|||||||&#8221; header_2_text_align=&#8221;center&#8221; header_2_text_color=&#8221;#213a8e&#8221; header_2_font_size=&#8221;42px&#8221; text_orientation=&#8221;center&#8221; width=&#8221;85%&#8221; module_alignment=&#8221;center&#8221; global_colors_info=&#8221;{}&#8221;]<\/p>\n<p>Projekt Kreativn\u00ed vouchery ve spole\u010dnosti KOTI\u0160 s.r.o. s registra\u010dn\u00edm \u010d\u00edslem 0380000357 zam\u011b\u0159en\u00fd na kreativu on-line podnik\u00e1n\u00ed firmy byl financov\u00e1n Evropskou uni\u00ed \u2013 Next Generation EU v r\u00e1mci programu NPO \u2013 Kreativn\u00ed vouchery \u2013 V\u00fdzva \u010d. 0391\/2023.<\/p>\n<p>[\/et_pb_text][\/et_pb_column][\/et_pb_row][et_pb_row column_structure=&#8221;3_5,2_5&#8243; use_custom_gutter=&#8221;on&#8221; gutter_width=&#8221;2&#8243; _builder_version=&#8221;4.23.4&#8243; _module_preset=&#8221;default&#8221; background_color=&#8221;#FFFFFF&#8221; max_width=&#8221;1350px&#8221; custom_padding=&#8221;10px||10px||true|false&#8221; global_colors_info=&#8221;{}&#8221;][et_pb_column type=&#8221;3_5&#8243; _builder_version=&#8221;4.23.4&#8243; _module_preset=&#8221;default&#8221; global_colors_info=&#8221;{}&#8221;][et_pb_image src=&#8221;https:\/\/kotisgroup.cz\/omywisog\/2024\/03\/eu.png&#8221; title_text=&#8221;eu&#8221; align=&#8221;right&#8221; _builder_version=&#8221;4.24.2&#8243; _module_preset=&#8221;default&#8221; background_color=&#8221;#FFFFFF&#8221; custom_padding=&#8221;5px||||false|false&#8221; global_colors_info=&#8221;{}&#8221;][\/et_pb_image][\/et_pb_column][et_pb_column type=&#8221;2_5&#8243; _builder_version=&#8221;4.23.4&#8243; _module_preset=&#8221;default&#8221; global_colors_info=&#8221;{}&#8221;][et_pb_image src=&#8221;https:\/\/kotisgroup.cz\/omywisog\/2024\/03\/Loga_Publicita_Banner_Barevna-Loga.png&#8221; title_text=&#8221;Loga_Publicita_Banner_Barevna Loga&#8221; align=&#8221;right&#8221; _builder_version=&#8221;4.24.2&#8243; _module_preset=&#8221;default&#8221; width=&#8221;100%&#8221; max_width=&#8221;100%&#8221; custom_margin=&#8221;||0px||false|false&#8221; custom_padding=&#8221;|20px|0px||false|false&#8221; global_colors_info=&#8221;{}&#8221;][\/et_pb_image][\/et_pb_column][\/et_pb_row][\/et_pb_section]<\/p>\n","protected":false},"excerpt":{"rendered":"<p>ReferenzMit der Firma Koti\u0161 s.r.o. Wir arbeiten seit mehr als zehn Jahren zusammen. Durch seine T\u00e4tigkeit beteiligt es sich an der Zulieferung von Teilen aus der 2D- und 3D-Technologie der Lasermaterialtrennung. Auf der Grundlage einer qualitativ hochwertigen, zuverl\u00e4ssigen und langfristigen strategischen Zusammenarbeit werden Komponenten und Vormontageelemente f\u00fcr die Produktion unserer Bodenbearbeitungsmaschinen gemeinsam erstellt. Wir danken Ihnen f\u00fcr Ihre bisherige Unterst\u00fctzung und freuen uns auf die zuk\u00fcnftige Zusammenarbeit. Lud\u011bk CimrhanzlN\u00e1kup\u010d\u00ed \/ Buyer A.P\u00d6TTINGER, spol. s.r.o. Zusammenarbeit mit der Firma EKA-KOMPLET, s.r.o.: Die Zusammenarbeit mit der Firma EKA_complete ist problemlos. Die Fertigung der Teile erfolgt innerhalb der vereinbarten Zeit und Qualit\u00e4t. Die Kommunikation ist sehr gut, eventuelle \u00c4nderungen werden zeitnah und zur beiderseitigen Zufriedenheit gel\u00f6st. Tom\u00e1\u0161 Sedl\u00e1\u010dekProjektmanagerLaserTherm spol. s r.o. ReferenzMusterprodukteInformationen \u00dcber das Unternehmen Technik Referenz Nachrichten Freie Arbeitsstellen KontaktTechnik Roboterschwei\u00dfen Laserrohr (Profil) Konstruktion 2D-Laser CNC-Umformung und Biegen CNC-Stanzen SchlosserproduktionProjekt Kreativn\u00ed vouchery ve spole\u010dnosti KOTI\u0160 s.r.o. s registra\u010dn\u00edm \u010d\u00edslem 0380000357 zam\u011b\u0159en\u00fd na kreativu on-line podnik\u00e1n\u00ed firmy byl financov\u00e1n Evropskou uni\u00ed \u2013 Next Generation EU v r\u00e1mci programu NPO \u2013 Kreativn\u00ed vouchery \u2013 V\u00fdzva \u010d. 0391\/2023.<\/p>\n","protected":false},"author":1,"featured_media":0,"parent":0,"menu_order":0,"comment_status":"closed","ping_status":"closed","template":"","meta":{"_et_pb_use_builder":"on","_et_pb_old_content":"","_et_gb_content_width":"","inline_featured_image":false,"footnotes":""},"class_list":["post-609","page","type-page","status-publish","hentry"],"_links":{"self":[{"href":"https:\/\/kotisgroup.cz\/de\/wp-json\/wp\/v2\/pages\/609","targetHints":{"allow":["GET"]}}],"collection":[{"href":"https:\/\/kotisgroup.cz\/de\/wp-json\/wp\/v2\/pages"}],"about":[{"href":"https:\/\/kotisgroup.cz\/de\/wp-json\/wp\/v2\/types\/page"}],"author":[{"embeddable":true,"href":"https:\/\/kotisgroup.cz\/de\/wp-json\/wp\/v2\/users\/1"}],"replies":[{"embeddable":true,"href":"https:\/\/kotisgroup.cz\/de\/wp-json\/wp\/v2\/comments?post=609"}],"version-history":[{"count":5,"href":"https:\/\/kotisgroup.cz\/de\/wp-json\/wp\/v2\/pages\/609\/revisions"}],"predecessor-version":[{"id":614,"href":"https:\/\/kotisgroup.cz\/de\/wp-json\/wp\/v2\/pages\/609\/revisions\/614"}],"wp:attachment":[{"href":"https:\/\/kotisgroup.cz\/de\/wp-json\/wp\/v2\/media?parent=609"}],"curies":[{"name":"wp","href":"https:\/\/api.w.org\/{rel}","templated":true}]}}