{"id":561,"date":"2023-12-23T14:48:03","date_gmt":"2023-12-23T14:48:03","guid":{"rendered":"https:\/\/kotisgroup.cz\/technology\/"},"modified":"2024-04-17T09:52:08","modified_gmt":"2024-04-17T09:52:08","slug":"technology","status":"publish","type":"page","link":"https:\/\/kotisgroup.cz\/en\/technology\/","title":{"rendered":"Technology"},"content":{"rendered":"<p>[et_pb_section fb_built=&#8221;1&#8243; _builder_version=&#8221;4.24.2&#8243; _module_preset=&#8221;default&#8221; background_image=&#8221;https:\/\/kotisgroup.cz\/omywisog\/2024\/04\/cnc-laser-cutting-of-metal-modern-industrial-tech-2023-02-01-19-21-50-utc.jpg&#8221; custom_padding=&#8221;10vh||10vh||true|false&#8221; global_colors_info=&#8221;{}&#8221;][et_pb_row _builder_version=&#8221;4.23.2&#8243; _module_preset=&#8221;default&#8221; global_colors_info=&#8221;{}&#8221;][et_pb_column type=&#8221;4_4&#8243; _builder_version=&#8221;4.23.2&#8243; _module_preset=&#8221;default&#8221; global_colors_info=&#8221;{}&#8221;][et_pb_text _builder_version=&#8221;4.24.2&#8243; _module_preset=&#8221;default&#8221; header_2_font=&#8221;Roboto|700|||||||&#8221; header_2_text_align=&#8221;center&#8221; header_2_text_color=&#8221;#FFFFFF&#8221; header_2_font_size=&#8221;60px&#8221; header_2_font_size_tablet=&#8221;60px&#8221; header_2_font_size_phone=&#8221;50px&#8221; header_2_font_size_last_edited=&#8221;on|desktop&#8221; header_2_text_shadow_style=&#8221;preset2&#8243; global_colors_info=&#8221;{}&#8221;]<\/p>\n<h2>Technology<\/h2>\n<p>[\/et_pb_text][\/et_pb_column][\/et_pb_row][\/et_pb_section][et_pb_section fb_built=&#8221;1&#8243; specialty=&#8221;on&#8221; _builder_version=&#8221;4.24.2&#8243; _module_preset=&#8221;default&#8221; background_color=&#8221;#f4f4f6&#8243; global_colors_info=&#8221;{}&#8221;][et_pb_column type=&#8221;1_4&#8243; _builder_version=&#8221;4.16&#8243; custom_padding=&#8221;|||&#8221; global_colors_info=&#8221;{}&#8221; custom_padding__hover=&#8221;|||&#8221;][et_pb_image src=&#8221;https:\/\/kotisgroup.cz\/omywisog\/2024\/04\/roboticke_svarovani_blue_EN-2.png&#8221; title_text=&#8221;roboticke_svarovani_blue_EN&#8221; url=&#8221;@ET-DC@eyJkeW5hbWljIjp0cnVlLCJjb250ZW50IjoicG9zdF9saW5rX3VybF9wYWdlIiwic2V0dGluZ3MiOnsicG9zdF9pZCI6IjE2In19@&#8221; disabled_on=&#8221;on|on|off&#8221; _builder_version=&#8221;4.24.2&#8243; _dynamic_attributes=&#8221;url&#8221; _module_preset=&#8221;default&#8221; width=&#8221;80%&#8221; global_colors_info=&#8221;{}&#8221;][\/et_pb_image][et_pb_image src=&#8221;https:\/\/kotisgroup.cz\/omywisog\/2024\/04\/2D_laser_blue_EN-1.png&#8221; title_text=&#8221;2D_laser_blue&#8221; url=&#8221;@ET-DC@eyJkeW5hbWljIjp0cnVlLCJjb250ZW50IjoicG9zdF9saW5rX3VybF9wYWdlIiwic2V0dGluZ3MiOnsicG9zdF9pZCI6IjE4In19@&#8221; disabled_on=&#8221;on|on|off&#8221; _builder_version=&#8221;4.24.2&#8243; _dynamic_attributes=&#8221;url&#8221; _module_preset=&#8221;default&#8221; width=&#8221;80%&#8221; global_colors_info=&#8221;{}&#8221;][\/et_pb_image][et_pb_image src=&#8221;https:\/\/kotisgroup.cz\/omywisog\/2024\/04\/konstrukce_blue_EN-1.png&#8221; title_text=&#8221;konstrukce_blue&#8221; url=&#8221;@ET-DC@eyJkeW5hbWljIjp0cnVlLCJjb250ZW50IjoicG9zdF9saW5rX3VybF9wYWdlIiwic2V0dGluZ3MiOnsicG9zdF9pZCI6IjIyIn19@&#8221; disabled_on=&#8221;on|on|off&#8221; _builder_version=&#8221;4.24.2&#8243; _dynamic_attributes=&#8221;url&#8221; _module_preset=&#8221;default&#8221; width=&#8221;80%&#8221; global_colors_info=&#8221;{}&#8221;][\/et_pb_image][et_pb_image src=&#8221;https:\/\/kotisgroup.cz\/omywisog\/2024\/04\/CNC_tvareni_blue_EN-1.png&#8221; title_text=&#8221;CNC_tvareni_blue&#8221; url=&#8221;@ET-DC@eyJkeW5hbWljIjp0cnVlLCJjb250ZW50IjoicG9zdF9saW5rX3VybF9wYWdlIiwic2V0dGluZ3MiOnsicG9zdF9pZCI6IjE5In19@&#8221; disabled_on=&#8221;on|on|off&#8221; _builder_version=&#8221;4.24.2&#8243; _dynamic_attributes=&#8221;url&#8221; _module_preset=&#8221;default&#8221; width=&#8221;80%&#8221; global_colors_info=&#8221;{}&#8221;][\/et_pb_image][et_pb_image src=&#8221;https:\/\/kotisgroup.cz\/omywisog\/2024\/04\/CNC_vysekavani_blue_EN-1.png&#8221; title_text=&#8221;CNC_vysekavani_blue&#8221; url=&#8221;@ET-DC@eyJkeW5hbWljIjp0cnVlLCJjb250ZW50IjoicG9zdF9saW5rX3VybF9wYWdlIiwic2V0dGluZ3MiOnsicG9zdF9pZCI6IjIwIn19@&#8221; disabled_on=&#8221;on|on|off&#8221; _builder_version=&#8221;4.24.2&#8243; _dynamic_attributes=&#8221;url&#8221; _module_preset=&#8221;default&#8221; width=&#8221;80%&#8221; global_colors_info=&#8221;{}&#8221;][\/et_pb_image][et_pb_image src=&#8221;https:\/\/kotisgroup.cz\/omywisog\/2024\/04\/laser_tube_blue_EN-1.png&#8221; title_text=&#8221;laser_tube_blue&#8221; url=&#8221;@ET-DC@eyJkeW5hbWljIjp0cnVlLCJjb250ZW50IjoicG9zdF9saW5rX3VybF9wYWdlIiwic2V0dGluZ3MiOnsicG9zdF9pZCI6IjE3In19@&#8221; disabled_on=&#8221;on|on|off&#8221; _builder_version=&#8221;4.24.2&#8243; _dynamic_attributes=&#8221;url&#8221; _module_preset=&#8221;default&#8221; width=&#8221;80%&#8221; global_colors_info=&#8221;{}&#8221;][\/et_pb_image][et_pb_image src=&#8221;https:\/\/kotisgroup.cz\/omywisog\/2024\/04\/lakovani_blue_EN-1.png&#8221; title_text=&#8221;lakovani_blue&#8221; disabled_on=&#8221;on|on|off&#8221; _builder_version=&#8221;4.24.2&#8243; _module_preset=&#8221;default&#8221; width=&#8221;80%&#8221; global_colors_info=&#8221;{}&#8221;][\/et_pb_image][et_pb_image src=&#8221;https:\/\/kotisgroup.cz\/omywisog\/2024\/04\/zamecnicka_vyroba_blue_EN-1.png&#8221; title_text=&#8221;zamecnicka_vyroba_blue&#8221; url=&#8221;@ET-DC@eyJkeW5hbWljIjp0cnVlLCJjb250ZW50IjoicG9zdF9saW5rX3VybF9wYWdlIiwic2V0dGluZ3MiOnsicG9zdF9pZCI6IjIxIn19@&#8221; disabled_on=&#8221;on|on|off&#8221; _builder_version=&#8221;4.24.2&#8243; _dynamic_attributes=&#8221;url&#8221; _module_preset=&#8221;default&#8221; width=&#8221;80%&#8221; global_colors_info=&#8221;{}&#8221;][\/et_pb_image][et_pb_image src=&#8221;https:\/\/kotisgroup.cz\/omywisog\/2024\/04\/3D_tisk_blue_EN-1.png&#8221; title_text=&#8221;3D_tisk_blue&#8221; disabled_on=&#8221;on|on|off&#8221; _builder_version=&#8221;4.24.2&#8243; _module_preset=&#8221;default&#8221; width=&#8221;80%&#8221; global_colors_info=&#8221;{}&#8221;][\/et_pb_image][et_pb_image src=&#8221;https:\/\/kotisgroup.cz\/omywisog\/2024\/04\/obrabeni_blue_EN-1.png&#8221; title_text=&#8221;obrabeni_blue&#8221; url=&#8221;@ET-DC@eyJkeW5hbWljIjp0cnVlLCJjb250ZW50IjoicG9zdF9saW5rX3VybF9wYWdlIiwic2V0dGluZ3MiOnsicG9zdF9pZCI6IjEyODUifX0=@&#8221; disabled_on=&#8221;on|on|off&#8221; _builder_version=&#8221;4.24.3&#8243; _dynamic_attributes=&#8221;url&#8221; _module_preset=&#8221;default&#8221; width=&#8221;80%&#8221; global_colors_info=&#8221;{}&#8221;][\/et_pb_image][et_pb_image src=&#8221;https:\/\/kotisgroup.cz\/omywisog\/2024\/04\/doprava_blue_EN-1.png&#8221; title_text=&#8221;doprava_blue&#8221; disabled_on=&#8221;on|on|off&#8221; _builder_version=&#8221;4.24.2&#8243; _module_preset=&#8221;default&#8221; width=&#8221;80%&#8221; global_colors_info=&#8221;{}&#8221;][\/et_pb_image][et_pb_image src=&#8221;https:\/\/kotisgroup.cz\/omywisog\/2024\/04\/obchod_blue_EN-1.png&#8221; title_text=&#8221;obchod_blue&#8221; disabled_on=&#8221;on|on|off&#8221; _builder_version=&#8221;4.24.2&#8243; _module_preset=&#8221;default&#8221; width=&#8221;80%&#8221; global_colors_info=&#8221;{}&#8221;][\/et_pb_image][\/et_pb_column][et_pb_column type=&#8221;3_4&#8243; specialty_columns=&#8221;3&#8243; _builder_version=&#8221;4.16&#8243; custom_padding=&#8221;|||&#8221; global_colors_info=&#8221;{}&#8221; custom_padding__hover=&#8221;|||&#8221;][et_pb_row_inner _builder_version=&#8221;4.23.1&#8243; _module_preset=&#8221;default&#8221; global_colors_info=&#8221;{}&#8221;][et_pb_column_inner saved_specialty_column_type=&#8221;3_4&#8243; _builder_version=&#8221;4.23.1&#8243; _module_preset=&#8221;default&#8221; global_colors_info=&#8221;{}&#8221;][et_pb_text _builder_version=&#8221;4.23.2&#8243; _module_preset=&#8221;default&#8221; text_font=&#8221;Roboto|300|||||||&#8221; text_font_size=&#8221;18px&#8221; header_2_font=&#8221;Roboto|700|||||||&#8221; header_2_text_align=&#8221;center&#8221; header_2_text_color=&#8221;#213a8e&#8221; header_2_font_size=&#8221;42px&#8221; global_colors_info=&#8221;{}&#8221;]<\/p>\n<p>Technology is our passion, digitalisation and modernisation is our direction. This allows us to create things that span years, while keeping our waiting times to a minimum. We offer stability, but also flexibility in turbulent times. Our priority is always the customer and their wishes, which we can absolutely satisfy.   <\/p>\n<p>From the idea to the offer, through the actual construction to the delivery of the final product directly to you. Thanks to unique machines and an expert team. <\/p>\n<p>We process metal sheets, sections and bar material of all standard sizes, with sheet size up to 3000\u00d71500 mm<\/p>\n<ul>\n<li>Steel material thickness up to 25 mm <\/li>\n<li>Stainless steel material thickness up to 25 mm <\/li>\n<li>Al alloy material thickness up to 20 mm <\/li>\n<\/ul>\n<p>We cover the whole manufacturing process from design and offer preparation to final product delivery.<\/p>\n<p>[\/et_pb_text][\/et_pb_column_inner][\/et_pb_row_inner][et_pb_row_inner _builder_version=&#8221;4.23.1&#8243; _module_preset=&#8221;default&#8221; custom_padding=&#8221;||0px|||&#8221; global_colors_info=&#8221;{}&#8221;][et_pb_column_inner saved_specialty_column_type=&#8221;3_4&#8243; _builder_version=&#8221;4.23.1&#8243; _module_preset=&#8221;default&#8221; global_colors_info=&#8221;{}&#8221;][et_pb_text _builder_version=&#8221;4.23.2&#8243; _module_preset=&#8221;default&#8221; header_2_font=&#8221;Roboto|700|||||||&#8221; header_2_text_align=&#8221;left&#8221; header_2_text_color=&#8221;#213a8e&#8221; header_2_font_size=&#8221;42px&#8221; global_colors_info=&#8221;{}&#8221;]<\/p>\n<h2>Machinery<\/h2>\n<p>[\/et_pb_text][et_pb_text _builder_version=&#8221;4.24.3&#8243; _module_preset=&#8221;default&#8221; text_font=&#8221;Roboto|300|||||||&#8221; text_font_size=&#8221;18px&#8221; header_2_font=&#8221;Roboto|700|||||||&#8221; header_2_text_align=&#8221;center&#8221; header_2_text_color=&#8221;#213a8e&#8221; header_2_font_size=&#8221;42px&#8221; header_3_font=&#8221;Roboto||||||||&#8221; header_3_text_color=&#8221;#213a8e&#8221; global_colors_info=&#8221;{}&#8221;]<\/p>\n<h3>Laser cutting machines<\/h3>\n<ul>\n<li>Trumpf Full Automatic TruLaser L5030 Fiber 6 kW + TruStore<\/li>\n<li>Trumpf Trumatic L 3530<\/li>\n<li>Trumpf Trumatic L 6030<\/li>\n<li>Trumpf Trulaser Tube 7000 (CO2) Automatic<\/li>\n<li>Trumpf Trulaser Tube 5000 (Fiber) Automatic + flow-drill<\/li>\n<\/ul>\n<p>[\/et_pb_text][et_pb_text _builder_version=&#8221;4.24.3&#8243; _module_preset=&#8221;default&#8221; text_font=&#8221;Roboto|300|||||||&#8221; text_font_size=&#8221;18px&#8221; header_2_font=&#8221;Roboto|700|||||||&#8221; header_2_text_align=&#8221;center&#8221; header_2_text_color=&#8221;#213a8e&#8221; header_2_font_size=&#8221;42px&#8221; header_3_font=&#8221;Roboto||||||||&#8221; header_3_text_color=&#8221;#213a8e&#8221; global_colors_info=&#8221;{}&#8221;]<\/p>\n<h3>Press brakes<\/h3>\n<ul>\n<li>Trumpf TruBend V50<\/li>\n<li>Trumpf TruBend V1300<\/li>\n<li>Trumpf TruBend V1700<\/li>\n<\/ul>\n<p>[\/et_pb_text][et_pb_text _builder_version=&#8221;4.24.3&#8243; _module_preset=&#8221;default&#8221; text_font=&#8221;Roboto|300|||||||&#8221; text_font_size=&#8221;18px&#8221; header_2_font=&#8221;Roboto|700|||||||&#8221; header_2_text_align=&#8221;center&#8221; header_2_text_color=&#8221;#213a8e&#8221; header_2_font_size=&#8221;42px&#8221; header_3_font=&#8221;Roboto||||||||&#8221; header_3_text_color=&#8221;#213a8e&#8221; global_colors_info=&#8221;{}&#8221;]<\/p>\n<h3>Punch laser machines<\/h3>\n<ul>\n<li>Trumpf Trumatic T5000 R 1600<\/li>\n<li>Trumpf Trumatic T6000 L (Vysek\u00e1v\u00e1n\u00ed, 2D Laser, Z\u00e1vitov\u00e1n\u00ed)<\/li>\n<\/ul>\n<p>[\/et_pb_text][et_pb_text _builder_version=&#8221;4.24.3&#8243; _module_preset=&#8221;default&#8221; text_font=&#8221;Roboto|300|||||||&#8221; text_font_size=&#8221;18px&#8221; header_2_font=&#8221;Roboto|700|||||||&#8221; header_2_text_align=&#8221;center&#8221; header_2_text_color=&#8221;#213a8e&#8221; header_2_font_size=&#8221;42px&#8221; header_3_font=&#8221;Roboto||||||||&#8221; header_3_text_color=&#8221;#213a8e&#8221; global_colors_info=&#8221;{}&#8221;]<\/p>\n<h3>Welding robots<\/h3>\n<ul>\n<li>Trumpf TruLaser Weld 5000 4 kW (additional wire)<\/li>\n<li>Migatronic 400 A, Fanuc arm<\/li>\n<\/ul>\n<p>[\/et_pb_text][\/et_pb_column_inner][\/et_pb_row_inner][et_pb_row_inner _builder_version=&#8221;4.23.1&#8243; _module_preset=&#8221;default&#8221; custom_padding=&#8221;||0px|||&#8221; global_colors_info=&#8221;{}&#8221;][et_pb_column_inner saved_specialty_column_type=&#8221;3_4&#8243; _builder_version=&#8221;4.23.1&#8243; _module_preset=&#8221;default&#8221; global_colors_info=&#8221;{}&#8221;][et_pb_gallery gallery_ids=&#8221;1338,1341,1344,1347,1350,1353,1356,1359,1362,1365,1368&#8243; posts_number=&#8221;99&#8243; show_title_and_caption=&#8221;off&#8221; show_pagination=&#8221;off&#8221; _builder_version=&#8221;4.24.3&#8243; _module_preset=&#8221;default&#8221; hover_enabled=&#8221;0&#8243; border_width_all_image=&#8221;2px&#8221; border_color_all_image=&#8221;#d6d6d6&#8243; global_colors_info=&#8221;{}&#8221; border_width_all_image__hover_enabled=&#8221;on|desktop&#8221; border_width_all_image__hover=&#8221;2px&#8221; sticky_enabled=&#8221;0&#8243;][\/et_pb_gallery][\/et_pb_column_inner][\/et_pb_row_inner][\/et_pb_column][\/et_pb_section][et_pb_section fb_built=&#8221;1&#8243; _builder_version=&#8221;4.23.1&#8243; _module_preset=&#8221;default&#8221; background_color=&#8221;#5c5c5f&#8221; global_module=&#8221;56&#8243; saved_tabs=&#8221;all&#8221; global_colors_info=&#8221;{}&#8221;][et_pb_row column_structure=&#8221;1_3,1_3,1_3&#8243; module_id=&#8221;kontakty&#8221; module_class=&#8221;kontakty&#8221; _builder_version=&#8221;4.24.2&#8243; _module_preset=&#8221;default&#8221; max_width=&#8221;1350px&#8221; global_colors_info=&#8221;{}&#8221;][et_pb_column type=&#8221;1_3&#8243; _builder_version=&#8221;4.23.1&#8243; _module_preset=&#8221;default&#8221; global_colors_info=&#8221;{}&#8221;][et_pb_text _builder_version=&#8221;4.24.2&#8243; _module_preset=&#8221;default&#8221; text_font=&#8221;Roboto|300|||||||&#8221; text_text_color=&#8221;#FFFFFF&#8221; text_line_height=&#8221;1em&#8221; header_2_font=&#8221;Roboto|700|||||||&#8221; header_2_text_align=&#8221;center&#8221; header_2_text_color=&#8221;#213a8e&#8221; header_2_font_size=&#8221;42px&#8221; text_orientation_tablet=&#8221;center&#8221; text_orientation_phone=&#8221;&#8221; text_orientation_last_edited=&#8221;on|phone&#8221; global_colors_info=&#8221;{}&#8221;]<\/p>\n<p><strong>Information<\/strong><\/p>\n<p><a href=\"https:\/\/kotisgroup.cz\/en\/about-company\/\" style=\"color: #fff;\">About company<\/a><\/p>\n<p><a href=\"https:\/\/kotisgroup.cz\/en\/technology\/\" style=\"color: #fff;\">Technology<\/a><\/p>\n<p><a href=\"https:\/\/kotisgroup.cz\/en\/product-portfolio\/\" style=\"color: #fff;\">References<\/a><\/p>\n<p><a href=\"https:\/\/kotisgroup.cz\/en\/news\/\" style=\"color: #fff;\">News<\/a><\/p>\n<p><a href=\"https:\/\/kotisgroup.cz\/en\/job-vacancies\/\" style=\"color: #fff;\">Job Vacancies<\/a><\/p>\n<p><a href=\"https:\/\/kotisgroup.cz\/en\/contact\/\" style=\"color: #fff;\">Contact<\/a><\/p>\n<p>[\/et_pb_text][\/et_pb_column][et_pb_column type=&#8221;1_3&#8243; _builder_version=&#8221;4.23.1&#8243; _module_preset=&#8221;default&#8221; global_colors_info=&#8221;{}&#8221;][et_pb_text _builder_version=&#8221;4.24.2&#8243; _module_preset=&#8221;default&#8221; text_font=&#8221;Roboto|300|||||||&#8221; text_text_color=&#8221;#FFFFFF&#8221; text_line_height=&#8221;0.9em&#8221; header_2_font=&#8221;Roboto|700|||||||&#8221; header_2_text_align=&#8221;center&#8221; header_2_text_color=&#8221;#213a8e&#8221; header_2_font_size=&#8221;42px&#8221; text_orientation_tablet=&#8221;center&#8221; text_orientation_phone=&#8221;&#8221; text_orientation_last_edited=&#8221;on|desktop&#8221; global_colors_info=&#8221;{}&#8221;]<\/p>\n<p><strong>Technology<\/strong><\/p>\n<p><a href=\"https:\/\/kotisgroup.cz\/en\/technology\/robotic-welding\/\" style=\"color: #fff;\">Robotic welding<\/a><\/p>\n<p><a href=\"https:\/\/kotisgroup.cz\/en\/technology\/laser-tube\/\" style=\"color: #fff;\">Laser Tube (Profile)<\/a><\/p>\n<p><a href=\"https:\/\/kotisgroup.cz\/en\/technology\/construction\/\" style=\"color: #fff;\">Construction<\/a><\/p>\n<p><a href=\"https:\/\/kotisgroup.cz\/en\/technology\/2d-laser\/\" style=\"color: #fff;\">2D laser<\/a><\/p>\n<p><a href=\"https:\/\/kotisgroup.cz\/en\/technology\/cnc-forming\/\" style=\"color: #fff;\">CNC Forming and Bending<\/a><\/p>\n<p><a href=\"https:\/\/kotisgroup.cz\/en\/technology\/cnc-cutting\/\" style=\"color: #fff;\">CNC Cutting<\/a><\/p>\n<p><a href=\"https:\/\/kotisgroup.cz\/en\/technology\/locksmith-production\/\" style=\"color: #fff;\">Locksmith Production<\/a><\/p>\n<p>[\/et_pb_text][\/et_pb_column][et_pb_column type=&#8221;1_3&#8243; _builder_version=&#8221;4.23.4&#8243; _module_preset=&#8221;default&#8221; global_colors_info=&#8221;{}&#8221;][et_pb_image src=&#8221;https:\/\/kotisgroup.cz\/omywisog\/2024\/03\/KOTIS_logo.png&#8221; title_text=&#8221;KOTIS_logo&#8221; align=&#8221;right&#8221; align_tablet=&#8221;center&#8221; align_phone=&#8221;&#8221; align_last_edited=&#8221;on|phone&#8221; _builder_version=&#8221;4.24.2&#8243; _module_preset=&#8221;default&#8221; width=&#8221;50%&#8221; width_tablet=&#8221;70%&#8221; width_phone=&#8221;65%&#8221; width_last_edited=&#8221;on|phone&#8221; global_colors_info=&#8221;{}&#8221;][\/et_pb_image][et_pb_button button_url=&#8221;@ET-DC@eyJkeW5hbWljIjp0cnVlLCJjb250ZW50IjoicG9zdF9saW5rX3VybF9wYWdlIiwic2V0dGluZ3MiOnsicG9zdF9pZCI6IjE1In19@&#8221; button_text=&#8221;Contact us&#8221; button_alignment=&#8221;right&#8221; button_alignment_tablet=&#8221;center&#8221; button_alignment_phone=&#8221;&#8221; button_alignment_last_edited=&#8221;on|phone&#8221; _builder_version=&#8221;4.24.2&#8243; _dynamic_attributes=&#8221;button_url&#8221; _module_preset=&#8221;default&#8221; custom_button=&#8221;on&#8221; button_text_size=&#8221;16px&#8221; button_text_color=&#8221;#FFFFFF&#8221; button_bg_color=&#8221;#213A8E&#8221; button_border_width=&#8221;0px&#8221; button_border_radius=&#8221;0px&#8221; button_font=&#8221;|600|||||||&#8221; custom_margin=&#8221;20px||||false|false&#8221; custom_padding=&#8221;15px|40px|15px|40px|true|true&#8221; global_colors_info=&#8221;{}&#8221;][\/et_pb_button][\/et_pb_column][\/et_pb_row][et_pb_row _builder_version=&#8221;4.23.4&#8243; _module_preset=&#8221;default&#8221; max_width=&#8221;1350px&#8221; global_colors_info=&#8221;{}&#8221;][et_pb_column type=&#8221;4_4&#8243; _builder_version=&#8221;4.23.4&#8243; _module_preset=&#8221;default&#8221; global_colors_info=&#8221;{}&#8221;][et_pb_divider color=&#8221;#4c4c4c&#8221; _builder_version=&#8221;4.23.4&#8243; _module_preset=&#8221;default&#8221; module_alignment=&#8221;center&#8221; custom_margin=&#8221;||15px|||&#8221; global_colors_info=&#8221;{}&#8221;][\/et_pb_divider][et_pb_text _builder_version=&#8221;4.23.4&#8243; _module_preset=&#8221;default&#8221; text_font=&#8221;Roboto|300|||||||&#8221; text_text_color=&#8221;#FFFFFF&#8221; text_line_height=&#8221;1.2em&#8221; header_2_font=&#8221;Roboto|700|||||||&#8221; header_2_text_align=&#8221;center&#8221; header_2_text_color=&#8221;#213a8e&#8221; header_2_font_size=&#8221;42px&#8221; text_orientation=&#8221;center&#8221; width=&#8221;85%&#8221; module_alignment=&#8221;center&#8221; global_colors_info=&#8221;{}&#8221;]<\/p>\n<p>Projekt Kreativn\u00ed vouchery ve spole\u010dnosti KOTI\u0160 s.r.o. s registra\u010dn\u00edm \u010d\u00edslem 0380000357 zam\u011b\u0159en\u00fd na kreativu on-line podnik\u00e1n\u00ed firmy byl financov\u00e1n Evropskou uni\u00ed \u2013 Next Generation EU v r\u00e1mci programu NPO \u2013 Kreativn\u00ed vouchery \u2013 V\u00fdzva \u010d. 0391\/2023.<\/p>\n<p>[\/et_pb_text][\/et_pb_column][\/et_pb_row][et_pb_row column_structure=&#8221;3_5,2_5&#8243; use_custom_gutter=&#8221;on&#8221; gutter_width=&#8221;2&#8243; _builder_version=&#8221;4.23.4&#8243; _module_preset=&#8221;default&#8221; background_color=&#8221;#FFFFFF&#8221; max_width=&#8221;1350px&#8221; custom_padding=&#8221;10px||10px||true|false&#8221; global_colors_info=&#8221;{}&#8221;][et_pb_column type=&#8221;3_5&#8243; _builder_version=&#8221;4.23.4&#8243; _module_preset=&#8221;default&#8221; global_colors_info=&#8221;{}&#8221;][et_pb_image src=&#8221;https:\/\/kotisgroup.cz\/omywisog\/2024\/03\/eu.png&#8221; title_text=&#8221;eu&#8221; align=&#8221;right&#8221; _builder_version=&#8221;4.24.2&#8243; _module_preset=&#8221;default&#8221; background_color=&#8221;#FFFFFF&#8221; custom_padding=&#8221;5px||||false|false&#8221; global_colors_info=&#8221;{}&#8221;][\/et_pb_image][\/et_pb_column][et_pb_column type=&#8221;2_5&#8243; _builder_version=&#8221;4.23.4&#8243; _module_preset=&#8221;default&#8221; global_colors_info=&#8221;{}&#8221;][et_pb_image src=&#8221;https:\/\/kotisgroup.cz\/omywisog\/2024\/03\/Loga_Publicita_Banner_Barevna-Loga.png&#8221; title_text=&#8221;Loga_Publicita_Banner_Barevna Loga&#8221; align=&#8221;right&#8221; _builder_version=&#8221;4.24.2&#8243; _module_preset=&#8221;default&#8221; width=&#8221;100%&#8221; max_width=&#8221;100%&#8221; custom_margin=&#8221;||0px||false|false&#8221; custom_padding=&#8221;|20px|0px||false|false&#8221; global_colors_info=&#8221;{}&#8221;][\/et_pb_image][\/et_pb_column][\/et_pb_row][\/et_pb_section]<\/p>\n","protected":false},"excerpt":{"rendered":"<p>TechnologyTechnology is our passion, digitalisation and modernisation is our direction. This allows us to create things that span years, while keeping our waiting times to a minimum. We offer stability, but also flexibility in turbulent times. Our priority is always the customer and their wishes, which we can absolutely satisfy. From the idea to the offer, through the actual construction to the delivery of the final product directly to you. Thanks to unique machines and an expert team. We process metal sheets, sections and bar material of all standard sizes, with sheet size up to 3000\u00d71500 mm Steel material thickness up to 25 mm Stainless steel material thickness up to 25 mm Al alloy material thickness up to 20 mm We cover the whole manufacturing process from design and offer preparation to final product delivery.MachineryLaser cutting machines Trumpf Full Automatic TruLaser L5030 Fiber 6 kW + TruStore Trumpf Trumatic L 3530 Trumpf Trumatic L 6030 Trumpf Trulaser Tube 7000 (CO2) Automatic Trumpf Trulaser Tube 5000 (Fiber) Automatic + flow-drill Press brakes Trumpf TruBend V50 Trumpf TruBend V1300 Trumpf TruBend V1700 Punch laser machines Trumpf Trumatic T5000 R 1600 Trumpf Trumatic T6000 L (Vysek\u00e1v\u00e1n\u00ed, 2D Laser, Z\u00e1vitov\u00e1n\u00ed) Welding robots Trumpf TruLaser [&hellip;]<\/p>\n","protected":false},"author":1,"featured_media":0,"parent":0,"menu_order":0,"comment_status":"closed","ping_status":"closed","template":"","meta":{"_et_pb_use_builder":"on","_et_pb_old_content":"","_et_gb_content_width":"","inline_featured_image":false,"footnotes":""},"class_list":["post-561","page","type-page","status-publish","hentry"],"_links":{"self":[{"href":"https:\/\/kotisgroup.cz\/en\/wp-json\/wp\/v2\/pages\/561","targetHints":{"allow":["GET"]}}],"collection":[{"href":"https:\/\/kotisgroup.cz\/en\/wp-json\/wp\/v2\/pages"}],"about":[{"href":"https:\/\/kotisgroup.cz\/en\/wp-json\/wp\/v2\/types\/page"}],"author":[{"embeddable":true,"href":"https:\/\/kotisgroup.cz\/en\/wp-json\/wp\/v2\/users\/1"}],"replies":[{"embeddable":true,"href":"https:\/\/kotisgroup.cz\/en\/wp-json\/wp\/v2\/comments?post=561"}],"version-history":[{"count":58,"href":"https:\/\/kotisgroup.cz\/en\/wp-json\/wp\/v2\/pages\/561\/revisions"}],"predecessor-version":[{"id":1389,"href":"https:\/\/kotisgroup.cz\/en\/wp-json\/wp\/v2\/pages\/561\/revisions\/1389"}],"wp:attachment":[{"href":"https:\/\/kotisgroup.cz\/en\/wp-json\/wp\/v2\/media?parent=561"}],"curies":[{"name":"wp","href":"https:\/\/api.w.org\/{rel}","templated":true}]}}