{"id":579,"date":"2023-12-28T14:06:44","date_gmt":"2023-12-28T14:06:44","guid":{"rendered":"https:\/\/kotisgroup.cz\/job-vacancies\/"},"modified":"2024-04-08T13:01:42","modified_gmt":"2024-04-08T13:01:42","slug":"job-vacancies","status":"publish","type":"page","link":"https:\/\/kotisgroup.cz\/en\/job-vacancies\/","title":{"rendered":"Job Vacancies"},"content":{"rendered":"<p>[et_pb_section fb_built=&#8221;1&#8243; _builder_version=&#8221;4.24.2&#8243; _module_preset=&#8221;default&#8221; background_image=&#8221;https:\/\/kotisgroup.cz\/omywisog\/2024\/04\/slide04.jpg&#8221; background_position=&#8221;top_center&#8221; custom_padding=&#8221;10vh||10vh||true|false&#8221; global_colors_info=&#8221;{}&#8221;][et_pb_row _builder_version=&#8221;4.23.2&#8243; _module_preset=&#8221;default&#8221; global_colors_info=&#8221;{}&#8221;][et_pb_column type=&#8221;4_4&#8243; _builder_version=&#8221;4.23.2&#8243; _module_preset=&#8221;default&#8221; global_colors_info=&#8221;{}&#8221;][et_pb_text _builder_version=&#8221;4.24.2&#8243; _module_preset=&#8221;default&#8221; header_2_font=&#8221;Roboto|700|||||||&#8221; header_2_text_align=&#8221;center&#8221; header_2_text_color=&#8221;#FFFFFF&#8221; header_2_font_size=&#8221;60px&#8221; hover_enabled=&#8221;0&#8243; header_2_text_shadow_style=&#8221;preset2&#8243; global_colors_info=&#8221;{}&#8221; header_2_font_size_last_edited=&#8221;on|phone&#8221; sticky_enabled=&#8221;0&#8243; header_2_font_size_phone=&#8221;50px&#8221; header_2_font_size_tablet=&#8221;60px&#8221;]<\/p>\n<h2>Job Vacancies<\/h2>\n<p>[\/et_pb_text][\/et_pb_column][\/et_pb_row][\/et_pb_section][et_pb_section fb_built=&#8221;1&#8243; _builder_version=&#8221;4.24.2&#8243; _module_preset=&#8221;default&#8221; background_color=&#8221;#f4f4f6&#8243; global_colors_info=&#8221;{}&#8221;][et_pb_row _builder_version=&#8221;4.23.1&#8243; _module_preset=&#8221;default&#8221; custom_padding=&#8221;||0px|||&#8221; global_colors_info=&#8221;{}&#8221;][et_pb_column type=&#8221;4_4&#8243; _builder_version=&#8221;4.23.1&#8243; _module_preset=&#8221;default&#8221; global_colors_info=&#8221;{}&#8221;][et_pb_text _builder_version=&#8221;4.23.2&#8243; _module_preset=&#8221;default&#8221; text_font=&#8221;Roboto|300|||||||&#8221; text_font_size=&#8221;18px&#8221; header_2_font=&#8221;Roboto|700|||||||&#8221; header_2_text_align=&#8221;center&#8221; header_2_text_color=&#8221;#213a8e&#8221; header_2_font_size=&#8221;42px&#8221; header_3_font=&#8221;Roboto||||||||&#8221; header_3_text_color=&#8221;#213a8e&#8221; global_colors_info=&#8221;{}&#8221;]<\/p>\n<h3>Job Vacancies<\/h3>\n<p>We will recruit the following professions for the T\u0159ebomyslice plant:<\/p>\n<ul>\n<li><strong>Designer<\/strong><\/li>\n<li><strong>CNC machine operator<\/strong><\/li>\n<li><strong>Technical control operator<\/strong><\/li>\n<li><strong>TPV worker<\/strong><\/li>\n<li><strong>Engineering technician technologist<\/strong><\/li>\n<li><strong>Welder<\/strong><\/li>\n<\/ul>\n<p>[\/et_pb_text][et_pb_text _builder_version=&#8221;4.23.2&#8243; _module_preset=&#8221;default&#8221; text_font=&#8221;Roboto|300|||||||&#8221; text_font_size=&#8221;18px&#8221; header_2_font=&#8221;Roboto|700|||||||&#8221; header_2_text_align=&#8221;center&#8221; header_2_text_color=&#8221;#213a8e&#8221; header_2_font_size=&#8221;42px&#8221; header_3_font=&#8221;Roboto||||||||&#8221; header_3_text_color=&#8221;#213a8e&#8221; global_colors_info=&#8221;{}&#8221;]<\/p>\n<h3>We offer<\/h3>\n<ul>\n<li>Interesting salary conditions,<\/li>\n<li>subsidized meals,<\/li>\n<li>employee benefits,<\/li>\n<li>pension and life insurance contributions.<\/li>\n<\/ul>\n<p>If you are interested or have any questions, please call us at<span> <\/span><strong><a href=\"tel:+420376502511\">+420 376 502 511<\/a><\/strong><span> <\/span>\/<span> <\/span><strong><a href=\"tel:+420602354893\">+420 602 354 893<\/a><\/strong>,<br \/>or write to<span> <\/span><strong><a href=\"mailto:info@kotis-sro.cz\">info@kotis-sro.cz<\/a><\/strong>.<\/p>\n<p>[\/et_pb_text][\/et_pb_column][\/et_pb_row][\/et_pb_section][et_pb_section fb_built=&#8221;1&#8243; _builder_version=&#8221;4.23.1&#8243; _module_preset=&#8221;default&#8221; background_color=&#8221;#5c5c5f&#8221; global_module=&#8221;56&#8243; saved_tabs=&#8221;all&#8221; global_colors_info=&#8221;{}&#8221;][et_pb_row column_structure=&#8221;1_3,1_3,1_3&#8243; module_id=&#8221;kontakty&#8221; module_class=&#8221;kontakty&#8221; _builder_version=&#8221;4.24.2&#8243; _module_preset=&#8221;default&#8221; max_width=&#8221;1350px&#8221; global_colors_info=&#8221;{}&#8221;][et_pb_column type=&#8221;1_3&#8243; _builder_version=&#8221;4.23.1&#8243; _module_preset=&#8221;default&#8221; global_colors_info=&#8221;{}&#8221;][et_pb_text _builder_version=&#8221;4.24.2&#8243; _module_preset=&#8221;default&#8221; text_font=&#8221;Roboto|300|||||||&#8221; text_text_color=&#8221;#FFFFFF&#8221; text_line_height=&#8221;1em&#8221; header_2_font=&#8221;Roboto|700|||||||&#8221; header_2_text_align=&#8221;center&#8221; header_2_text_color=&#8221;#213a8e&#8221; header_2_font_size=&#8221;42px&#8221; text_orientation_tablet=&#8221;center&#8221; text_orientation_phone=&#8221;&#8221; text_orientation_last_edited=&#8221;on|phone&#8221; global_colors_info=&#8221;{}&#8221;]<\/p>\n<p><strong>Information<\/strong><\/p>\n<p><a href=\"https:\/\/kotisgroup.cz\/en\/about-company\/\" style=\"color: #fff;\">About the company<\/a><\/p>\n<p><a href=\"https:\/\/kotisgroup.cz\/en\/technology\/\" style=\"color: #fff;\">Technology<\/a><\/p>\n<p><a href=\"https:\/\/kotisgroup.cz\/en\/product-portfolio\/\" style=\"color: #fff;\">References<\/a><\/p>\n<p><a href=\"https:\/\/kotisgroup.cz\/en\/news\/\" style=\"color: #fff;\">News<\/a><\/p>\n<p><a href=\"https:\/\/kotisgroup.cz\/en\/job-vacancies\/\" style=\"color: #fff;\">Job Vacancies<\/a><\/p>\n<p><a href=\"https:\/\/kotisgroup.cz\/en\/contact\/\" style=\"color: #fff;\">Contact<\/a><\/p>\n<p>[\/et_pb_text][\/et_pb_column][et_pb_column type=&#8221;1_3&#8243; _builder_version=&#8221;4.23.1&#8243; _module_preset=&#8221;default&#8221; global_colors_info=&#8221;{}&#8221;][et_pb_text _builder_version=&#8221;4.24.2&#8243; _module_preset=&#8221;default&#8221; text_font=&#8221;Roboto|300|||||||&#8221; text_text_color=&#8221;#FFFFFF&#8221; text_line_height=&#8221;0.9em&#8221; header_2_font=&#8221;Roboto|700|||||||&#8221; header_2_text_align=&#8221;center&#8221; header_2_text_color=&#8221;#213a8e&#8221; header_2_font_size=&#8221;42px&#8221; text_orientation_tablet=&#8221;center&#8221; text_orientation_phone=&#8221;&#8221; text_orientation_last_edited=&#8221;on|desktop&#8221; global_colors_info=&#8221;{}&#8221;]<\/p>\n<p><strong>Technology<\/strong><\/p>\n<p><a href=\"https:\/\/kotisgroup.cz\/en\/technology\/robotic-welding\/\" style=\"color: #fff;\">Robotic welding<\/a><\/p>\n<p><a href=\"https:\/\/kotisgroup.cz\/en\/technology\/laser-tube\/\" style=\"color: #fff;\">Laser Tube (Profile)<\/a><\/p>\n<p><a href=\"https:\/\/kotisgroup.cz\/en\/technology\/construction\/\" style=\"color: #fff;\">Construction<\/a><\/p>\n<p><a href=\"https:\/\/kotisgroup.cz\/en\/technology\/2d-laser\/\" style=\"color: #fff;\">2D laser<\/a><\/p>\n<p><a href=\"https:\/\/kotisgroup.cz\/en\/technology\/cnc-forming\/\" style=\"color: #fff;\">CNC Forming and Bending<\/a><\/p>\n<p><a href=\"https:\/\/kotisgroup.cz\/en\/technology\/cnc-cutting\/\" style=\"color: #fff;\">CNC Cutting<\/a><\/p>\n<p><a href=\"https:\/\/kotisgroup.cz\/en\/technology\/locksmith-production\/\" style=\"color: #fff;\">Locksmith Production<\/a><\/p>\n<p>[\/et_pb_text][\/et_pb_column][et_pb_column type=&#8221;1_3&#8243; _builder_version=&#8221;4.23.4&#8243; _module_preset=&#8221;default&#8221; global_colors_info=&#8221;{}&#8221;][et_pb_image src=&#8221;https:\/\/kotisgroup.cz\/omywisog\/2024\/03\/KOTIS_logo.png&#8221; title_text=&#8221;KOTIS_logo&#8221; align=&#8221;right&#8221; align_tablet=&#8221;center&#8221; align_phone=&#8221;&#8221; align_last_edited=&#8221;on|phone&#8221; _builder_version=&#8221;4.24.2&#8243; _module_preset=&#8221;default&#8221; width=&#8221;50%&#8221; width_tablet=&#8221;70%&#8221; width_phone=&#8221;65%&#8221; width_last_edited=&#8221;on|phone&#8221; global_colors_info=&#8221;{}&#8221;][\/et_pb_image][et_pb_button button_url=&#8221;@ET-DC@eyJkeW5hbWljIjp0cnVlLCJjb250ZW50IjoicG9zdF9saW5rX3VybF9wYWdlIiwic2V0dGluZ3MiOnsicG9zdF9pZCI6IjE1In19@&#8221; button_text=&#8221;Contact us&#8221; button_alignment=&#8221;right&#8221; button_alignment_tablet=&#8221;center&#8221; button_alignment_phone=&#8221;&#8221; button_alignment_last_edited=&#8221;on|phone&#8221; _builder_version=&#8221;4.24.2&#8243; _dynamic_attributes=&#8221;button_url&#8221; _module_preset=&#8221;default&#8221; custom_button=&#8221;on&#8221; button_text_size=&#8221;16px&#8221; button_text_color=&#8221;#FFFFFF&#8221; button_bg_color=&#8221;#213A8E&#8221; button_border_width=&#8221;0px&#8221; button_border_radius=&#8221;0px&#8221; button_font=&#8221;|600|||||||&#8221; custom_margin=&#8221;20px||||false|false&#8221; custom_padding=&#8221;15px|40px|15px|40px|true|true&#8221; global_colors_info=&#8221;{}&#8221;][\/et_pb_button][\/et_pb_column][\/et_pb_row][et_pb_row _builder_version=&#8221;4.23.4&#8243; _module_preset=&#8221;default&#8221; max_width=&#8221;1350px&#8221; global_colors_info=&#8221;{}&#8221;][et_pb_column type=&#8221;4_4&#8243; _builder_version=&#8221;4.23.4&#8243; _module_preset=&#8221;default&#8221; global_colors_info=&#8221;{}&#8221;][et_pb_divider color=&#8221;#4c4c4c&#8221; _builder_version=&#8221;4.23.4&#8243; _module_preset=&#8221;default&#8221; module_alignment=&#8221;center&#8221; custom_margin=&#8221;||15px|||&#8221; global_colors_info=&#8221;{}&#8221;][\/et_pb_divider][et_pb_text _builder_version=&#8221;4.23.4&#8243; _module_preset=&#8221;default&#8221; text_font=&#8221;Roboto|300|||||||&#8221; text_text_color=&#8221;#FFFFFF&#8221; text_line_height=&#8221;1.2em&#8221; header_2_font=&#8221;Roboto|700|||||||&#8221; header_2_text_align=&#8221;center&#8221; header_2_text_color=&#8221;#213a8e&#8221; header_2_font_size=&#8221;42px&#8221; text_orientation=&#8221;center&#8221; width=&#8221;85%&#8221; module_alignment=&#8221;center&#8221; global_colors_info=&#8221;{}&#8221;]<\/p>\n<p>Projekt Kreativn\u00ed vouchery ve spole\u010dnosti KOTI\u0160 s.r.o. s registra\u010dn\u00edm \u010d\u00edslem 0380000357 zam\u011b\u0159en\u00fd na kreativu on-line podnik\u00e1n\u00ed firmy byl financov\u00e1n Evropskou uni\u00ed \u2013 Next Generation EU v r\u00e1mci programu NPO \u2013 Kreativn\u00ed vouchery \u2013 V\u00fdzva \u010d. 0391\/2023.<\/p>\n<p>[\/et_pb_text][\/et_pb_column][\/et_pb_row][et_pb_row column_structure=&#8221;3_5,2_5&#8243; use_custom_gutter=&#8221;on&#8221; gutter_width=&#8221;2&#8243; _builder_version=&#8221;4.23.4&#8243; _module_preset=&#8221;default&#8221; background_color=&#8221;#FFFFFF&#8221; max_width=&#8221;1350px&#8221; custom_padding=&#8221;10px||10px||true|false&#8221; global_colors_info=&#8221;{}&#8221;][et_pb_column type=&#8221;3_5&#8243; _builder_version=&#8221;4.23.4&#8243; _module_preset=&#8221;default&#8221; global_colors_info=&#8221;{}&#8221;][et_pb_image src=&#8221;https:\/\/kotisgroup.cz\/omywisog\/2024\/03\/eu.png&#8221; title_text=&#8221;eu&#8221; align=&#8221;right&#8221; _builder_version=&#8221;4.24.2&#8243; _module_preset=&#8221;default&#8221; background_color=&#8221;#FFFFFF&#8221; custom_padding=&#8221;5px||||false|false&#8221; global_colors_info=&#8221;{}&#8221;][\/et_pb_image][\/et_pb_column][et_pb_column type=&#8221;2_5&#8243; _builder_version=&#8221;4.23.4&#8243; _module_preset=&#8221;default&#8221; global_colors_info=&#8221;{}&#8221;][et_pb_image src=&#8221;https:\/\/kotisgroup.cz\/omywisog\/2024\/03\/Loga_Publicita_Banner_Barevna-Loga.png&#8221; title_text=&#8221;Loga_Publicita_Banner_Barevna Loga&#8221; align=&#8221;right&#8221; _builder_version=&#8221;4.24.2&#8243; _module_preset=&#8221;default&#8221; width=&#8221;100%&#8221; max_width=&#8221;100%&#8221; custom_margin=&#8221;||0px||false|false&#8221; custom_padding=&#8221;|20px|0px||false|false&#8221; global_colors_info=&#8221;{}&#8221;][\/et_pb_image][\/et_pb_column][\/et_pb_row][\/et_pb_section]<\/p>\n","protected":false},"excerpt":{"rendered":"<p>Job VacanciesJob Vacancies We will recruit the following professions for the T\u0159ebomyslice plant: Designer CNC machine operator Technical control operator TPV worker Engineering technician technologist Welder We offer Interesting salary conditions, subsidized meals, employee benefits, pension and life insurance contributions. If you are interested or have any questions, please call us at +420 376 502 511 \/ +420 602 354 893,or write to info@kotis-sro.cz.Information About the company Technology References News Job Vacancies ContactTechnology Robotic welding Laser Tube (Profile) Construction 2D laser CNC Forming and Bending CNC Cutting Locksmith ProductionProjekt Kreativn\u00ed vouchery ve spole\u010dnosti KOTI\u0160 s.r.o. s registra\u010dn\u00edm \u010d\u00edslem 0380000357 zam\u011b\u0159en\u00fd na kreativu on-line podnik\u00e1n\u00ed firmy byl financov\u00e1n Evropskou uni\u00ed \u2013 Next Generation EU v r\u00e1mci programu NPO \u2013 Kreativn\u00ed vouchery \u2013 V\u00fdzva \u010d. 0391\/2023.<\/p>\n","protected":false},"author":1,"featured_media":0,"parent":0,"menu_order":0,"comment_status":"closed","ping_status":"closed","template":"","meta":{"_et_pb_use_builder":"on","_et_pb_old_content":"","_et_gb_content_width":"","inline_featured_image":false,"footnotes":""},"class_list":["post-579","page","type-page","status-publish","hentry"],"_links":{"self":[{"href":"https:\/\/kotisgroup.cz\/en\/wp-json\/wp\/v2\/pages\/579","targetHints":{"allow":["GET"]}}],"collection":[{"href":"https:\/\/kotisgroup.cz\/en\/wp-json\/wp\/v2\/pages"}],"about":[{"href":"https:\/\/kotisgroup.cz\/en\/wp-json\/wp\/v2\/types\/page"}],"author":[{"embeddable":true,"href":"https:\/\/kotisgroup.cz\/en\/wp-json\/wp\/v2\/users\/1"}],"replies":[{"embeddable":true,"href":"https:\/\/kotisgroup.cz\/en\/wp-json\/wp\/v2\/comments?post=579"}],"version-history":[{"count":5,"href":"https:\/\/kotisgroup.cz\/en\/wp-json\/wp\/v2\/pages\/579\/revisions"}],"predecessor-version":[{"id":584,"href":"https:\/\/kotisgroup.cz\/en\/wp-json\/wp\/v2\/pages\/579\/revisions\/584"}],"wp:attachment":[{"href":"https:\/\/kotisgroup.cz\/en\/wp-json\/wp\/v2\/media?parent=579"}],"curies":[{"name":"wp","href":"https:\/\/api.w.org\/{rel}","templated":true}]}}